{"id":572,"date":"2018-10-21T14:54:52","date_gmt":"2018-10-21T12:54:52","guid":{"rendered":"https:\/\/ceccararad.ro\/ro\/?page_id=572"},"modified":"2025-01-17T15:08:31","modified_gmt":"2025-01-17T13:08:31","slug":"https-ceccar-ro-ro-page_id963-ex-de-acces-la-stagiu","status":"publish","type":"page","link":"https:\/\/ceccarneamt.ro\/ro\/membri\/cum-devin-membru-ceccar\/https-ceccar-ro-ro-page_id963-ex-de-acces-la-stagiu\/","title":{"rendered":"Examenul de acces la stagiu"},"content":{"rendered":"<section   class=\"fw-main-row  auto  fw-section-position-back\"    >\n\t\t\t<div class=\"fw-container\" >\n\t\t<div class=\"fw-row\">\n\t<div id=\"column-69e0d38754d2a\" class=\"fw-col-sm-12 tf-sh-4bf7de7076824fb4c351a6d1039d0743\" >\n\t<div class=\"fw-wrap-col-inner clearfix  \"   >\n\t\t\t\t<div class=\"fw-col-inner\">\n\t\t\t<div class=\"fw-text-box tf-sh-b4a496c23a94b122350f1c9e2210e50c \" >\n\t<div class=\"fw-text-inner\">\n\t\t<p><strong><span style=\"font-size: 12pt;\">Examenul de acces la stagiu\u00a0<\/span><\/strong><\/p>\n\t<\/div>\n<\/div><div class=\"fw-divider-space space-sm  clearfix\"  ><\/div><div class=\"tf-sh-435841a89aa1e8b5e1a52a967d0eb145 fw-tabs fw-tabs-minimal fw-tabs-top \" >\n\t<ul class=\"nav nav-tabs nav-justified\">\n\t\t\t\t\t<li class=\"active\">\n\t\t\t\t<a href=\"#tab-cont-435841a89aa1e8b5e1a52a967d0eb145-1\" data-toggle=\"tab\">\n\t\t\t\t\t\n\t\t\t\t\t<i class=\"fa fa-align-right\"><\/i>\t\t\t\t\t<span>Dosarul de \u00eenscriere la examenul de acces la stagiu<\/span>\n\t\t\t\t<\/a>\n\t\t\t<\/li>\n\t\t\t\t\t\t<\/ul>\n\n\t<div class=\"tab-content clearfix\">\n\t\t\t\t\t<div id=\"tab-cont-435841a89aa1e8b5e1a52a967d0eb145-1\"\n\t\t\t     class=\"tab-pane fade in active\">\n\t\t\t\t\n\t\t\t\t\t\t\t\t\t<header><div role=\"navigation\"><nav id=\"fw-menu-primary\"><p class=\"has-black-color has-text-color\">\u00censcrierea la examenul de admitere la stagiu \u00een vederea ob\u0163inerii calit\u0103\u0163ii de expert contabil sau de contabil autorizat se face \u00een baza unui dosar care se depune la sediul filialei CECCAR \u00een a c\u0103rei raz\u0103 teritorial\u0103 \u00ee\u015fi are domiciliul candidatul.<\/p><p class=\"has-black-color has-text-color\">Con\u021binutul dosarului de \u00eenscriere pentru sus\u021binerea examenului de admitere la stagiu \u00een vederea ob\u0163inerii <strong>calit\u0103\u0163ii de expert contabil<\/strong>:<\/p><ul><li>cererea de \u00eenscriere (<a href=\"https:\/\/ceccar.ro\/ro\/wp-content\/uploads\/2021\/07\/Cerere-inscriere-examen-admitere-stagiu.pdf\" target=\"_blank\" rel=\"noreferrer noopener\">model Anex\u0103<\/a>);<\/li><li>certificatul medical din care s\u0103 rezulte c\u0103 solicitantul are capacitate de exerci\u021biu deplin\u0103;<\/li><li>curriculum vitae (<a href=\"https:\/\/ceccar.ro\/ro\/wp-content\/uploads\/2021\/07\/CV.pdf\" target=\"_blank\" rel=\"noreferrer noopener\">model Anex\u0103<\/a>);<\/li><li>copie legalizat\u0103 a actului de studii, din care s\u0103 rezulte c\u0103 solicitantul are studii superioare economice cu diplom\u0103 recunoscut\u0103 de Ministerul Educa\u021biei;<\/li><li>certificat de cazier judiciar cu termen de valabilitate neexpirat;<\/li><li>dovada achit\u0103rii taxei de \u00eenscriere la examen \u00een cuantum de 175 Euro (c\/v \u00een lei la cursul BNR din ziua pl\u0103\u0163ii).<\/li><li>acordul GDPR (<a href=\"https:\/\/ceccar.ro\/ro\/wp-content\/uploads\/2021\/07\/Acord-GDPR-ex-acces-2021.pdf\" target=\"_blank\" rel=\"noreferrer noopener\">model Anex\u0103<\/a>)<\/li><li>acordul de \u00eenregistrare audio-video (<a href=\"https:\/\/ceccar.ro\/ro\/wp-content\/uploads\/2021\/07\/Acord-inregistrare-audio-video-examen.pdf\" target=\"_blank\" rel=\"noreferrer noopener\">model Anex\u0103<\/a>)<\/li><li>2 fotografii tip buletin;<\/li><\/ul><p class=\"has-black-color has-text-color\">Con\u021binutul dosarului de \u00eenscriere pentru sus\u021binerea examenului de admitere la stagiu \u00een vederea ob\u0163inerii <strong>calit\u0103\u0163ii de contabil autorizat<\/strong>:<\/p><ul><li>cererea de \u00eenscriere (<a href=\"https:\/\/ceccar.ro\/ro\/wp-content\/uploads\/2021\/07\/Cerere-inscriere-examen-admitere-stagiu.pdf\" target=\"_blank\" rel=\"noreferrer noopener\">model Anex\u0103<\/a>)<\/li><li>certificatul medical din care s\u0103 rezulte c\u0103 solicitantul are capacitate de exerci\u021biu deplin\u0103;<\/li><li>curriculum vitae (<a href=\"https:\/\/ceccar.ro\/ro\/wp-content\/uploads\/2021\/07\/CV.pdf\" target=\"_blank\" rel=\"noreferrer noopener\">model Anex\u0103<\/a>);<\/li><li>copie legalizat\u0103 a actului de studii, din care s\u0103 rezulte c\u0103 solicitantul are studii medii cu diplom\u0103 recunoscut\u0103 de Ministerul Educa\u021biei;<\/li><li>certificat de cazier judiciar cu termen de valabilitate neexpirat;<\/li><li>dovada achit\u0103rii taxei de \u00eenscriere la examen \u00een cuantum de 125 Euro (c\/v \u00een lei la cursul BNR din ziua pl\u0103\u0163ii).<\/li><li>acordul GDPR \u00a0(<a href=\"https:\/\/ceccar.ro\/ro\/wp-content\/uploads\/2021\/07\/Acord-GDPR-ex-acces-2021.pdf\" target=\"_blank\" rel=\"noreferrer noopener\">model Anex\u0103<\/a>)<\/li><li>acordul de \u00eenregistrare audio-video (<a href=\"https:\/\/ceccar.ro\/ro\/wp-content\/uploads\/2021\/07\/Acord-inregistrare-audio-video-examen.pdf\" target=\"_blank\" rel=\"noreferrer noopener\">model Anex\u0103<\/a>)<\/li><li>2 fotografii tip buletin<\/li><\/ul><p class=\"has-black-color has-text-color\">Dosarul de \u00eenscriere se va depune la sediul filialei CECCAR \u00een a c\u0103rei raz\u0103 teritorial\u0103 \u00ee\u015fi are domiciliul candidatul cu min. 15 zile inainte de data desf\u0103\u0219ur\u0103rii examenului.<strong>.<\/strong><\/p><\/nav><\/div><\/header>\t\t\t\t\t\t\t<\/div>\n\t\t\t\t<\/div>\n<\/div><div class=\"fw-divider-space space-sm  clearfix\"  ><\/div>\t\t<\/div>\n\t<\/div>\n<\/div><\/div>\n\n\t<\/div>\n\t<\/section>\n","protected":false},"excerpt":{"rendered":"<p>Examenul de acces la stagiu\u00a0 Dosarul de \u00eenscriere la examenul de acces la stagiu \u00censcrierea la examenul de admitere la stagiu \u00een vederea ob\u0163inerii calit\u0103\u0163ii de expert contabil sau de contabil autorizat se face \u00een [&hellip;]<\/p>\n","protected":false},"author":1,"featured_media":0,"parent":288,"menu_order":0,"comment_status":"closed","ping_status":"closed","template":"brizy-blank-template.php","meta":{"footnotes":""},"class_list":["post-572","page","type-page","status-publish","hentry"],"brizy_media":[],"_links":{"self":[{"href":"https:\/\/ceccarneamt.ro\/ro\/wp-json\/wp\/v2\/pages\/572","targetHints":{"allow":["GET"]}}],"collection":[{"href":"https:\/\/ceccarneamt.ro\/ro\/wp-json\/wp\/v2\/pages"}],"about":[{"href":"https:\/\/ceccarneamt.ro\/ro\/wp-json\/wp\/v2\/types\/page"}],"author":[{"embeddable":true,"href":"https:\/\/ceccarneamt.ro\/ro\/wp-json\/wp\/v2\/users\/1"}],"replies":[{"embeddable":true,"href":"https:\/\/ceccarneamt.ro\/ro\/wp-json\/wp\/v2\/comments?post=572"}],"version-history":[{"count":37,"href":"https:\/\/ceccarneamt.ro\/ro\/wp-json\/wp\/v2\/pages\/572\/revisions"}],"predecessor-version":[{"id":9413,"href":"https:\/\/ceccarneamt.ro\/ro\/wp-json\/wp\/v2\/pages\/572\/revisions\/9413"}],"up":[{"embeddable":true,"href":"https:\/\/ceccarneamt.ro\/ro\/wp-json\/wp\/v2\/pages\/288"}],"wp:attachment":[{"href":"https:\/\/ceccarneamt.ro\/ro\/wp-json\/wp\/v2\/media?parent=572"}],"curies":[{"name":"wp","href":"https:\/\/api.w.org\/{rel}","templated":true}]}}